{"id":6042,"date":"2022-05-17T12:14:49","date_gmt":"2022-05-17T10:14:49","guid":{"rendered":"https:\/\/www.accadueodesign.it\/azienda\/"},"modified":"2022-05-18T19:48:48","modified_gmt":"2022-05-18T17:48:48","slug":"usine","status":"publish","type":"page","link":"https:\/\/www.accadueodesign.it\/fr\/usine\/","title":{"rendered":"USICE"},"content":{"rendered":"\t\t<div data-elementor-type=\"wp-page\" data-elementor-id=\"6042\" class=\"elementor elementor-6042 elementor-6033\">\n\t\t\t\t\t\t<section class=\"elementor-section elementor-top-section elementor-element elementor-element-94735f9 section_pt section_pb bg-accent-primary-2 container-fluid elementor-section-boxed elementor-section-height-default elementor-section-height-default\" data-id=\"94735f9\" data-element_type=\"section\" data-e-type=\"section\" data-settings=\"{&quot;background_background&quot;:&quot;classic&quot;}\">\n\t\t\t\t\t\t<div class=\"elementor-container elementor-column-gap-no\">\n\t\t\t\t\t<div class=\"elementor-column elementor-col-100 elementor-top-column elementor-element elementor-element-49ffd8d7\" data-id=\"49ffd8d7\" data-element_type=\"column\" data-e-type=\"column\">\n\t\t\t<div class=\"elementor-widget-wrap elementor-element-populated\">\n\t\t\t\t\t\t<div class=\"elementor-element elementor-element-518c5255 elementor-widget elementor-widget-cassio-widget-content-block\" data-id=\"518c5255\" data-element_type=\"widget\" data-e-type=\"widget\" data-widget_type=\"cassio-widget-content-block.default\">\n\t\t\t\t<div class=\"elementor-widget-container\">\n\t\t\t\t\t\t\t<div class=\"section section-content section-content_columns_1_3 section-content_has-headline\" data-os-animation=\"\">\n\t\t\t<div class=\"row justify-content-between\">\n\t\t\t\t<div class=\"col-12 section-content__header col-lg-10 section-content__header_mb\">\n\t\t\t\t\t<div class=\"split-text js-split-text\" data-split-text-type=\"lines\" data-split-text-set=\"lines\"><h2>Depuis toujours, nous concevons et fabriquons en Italie avec passion, assurant une valeur ajout\u00e9e en termes de design et de qualit\u00e9, affirmant et pr\u00e9servant la valeur du \u00ab Made in Italy \u00bb dans le monde<\/h2><\/div>\n\t\t\t\t\t\t\t\t\t<\/div>\n\t\t\t\t\t\t\t\t\t<div class=\"w-100\"><\/div>\n\t\t\t\t\t\t\t\t\t\t\t\t\t<div class=\"col-lg-2 section-content__content\">\n\t\t\t\t\t\t<div class=\"section__headline section-content__headline mr-auto text-left\"><\/div>\n\t\t\t\t\t<\/div>\n\t\t\t\t\t\t\t\t\t\t\t\t\t<div class=\"col-12 section-content__content col-lg-4 col-lg-4\">\n\t\t\t\t\t\t<div class=\"split-text js-split-text\" data-split-text-type=\"lines\" data-split-text-set=\"lines\"><p>Apr\u00e8s plus de quarante ans d\u2019activit\u00e9, nous avons encore la m\u00eame passion qui nous permet d'offrir \u00e0 nos clients toujours le mieux concernant l'\u00e9tude et la r\u00e9alisation de nos projets.<\/p><p>La recherche constante, l\u2019innovation technologique continue, associ\u00e9es \u00e0 un prix comp\u00e9titif sur le march\u00e9, sont les ingr\u00e9dients n\u00e9cessaires pour offrir un produit de haute qualit\u00e9.<\/p><\/div>\n\t\t\t\t\t<\/div>\n\t\t\t\t\t\t\t\t\t\t\t\t\t<div class=\"col-12 section-content__content col-lg-4\">\n\t\t\t\t\t\t<div class=\"split-text js-split-text\" data-split-text-type=\"lines\" data-split-text-set=\"lines\"><p>L'exhaustivit\u00e9 de la proposition est due \u00e0 la recherche constante, \u00e0 la mise \u00e0 jour et \u00e0 l\u2019expansion de la gamme de mod\u00e8les, qui sont con\u00e7us pour les espaces et les styles d'ameublement les plus disparates.<\/p><\/div>\n\t\t\t\t\t<\/div>\n\t\t\t\t\t\t\t<\/div>\n\t\t<\/div>\n\n\t\t\t\t\t\t<\/div>\n\t\t\t\t<\/div>\n\t\t\t\t\t<\/div>\n\t\t<\/div>\n\t\t\t\t\t<\/div>\n\t\t<\/section>\n\t\t\t\t<section class=\"elementor-section elementor-top-section elementor-element elementor-element-2892d0d8 elementor-section-full_width section_pb bg-accent-primary-2 elementor-section-height-default elementor-section-height-default\" data-id=\"2892d0d8\" data-element_type=\"section\" data-e-type=\"section\" data-settings=\"{&quot;background_background&quot;:&quot;classic&quot;}\">\n\t\t\t\t\t\t<div class=\"elementor-container elementor-column-gap-no\">\n\t\t\t\t\t<div class=\"elementor-column elementor-col-100 elementor-top-column elementor-element elementor-element-6e4b5fcb\" data-id=\"6e4b5fcb\" data-element_type=\"column\" data-e-type=\"column\">\n\t\t\t<div class=\"elementor-widget-wrap elementor-element-populated\">\n\t\t\t\t\t\t<div class=\"elementor-element elementor-element-4c16b62c elementor-widget elementor-widget-cassio-widget-parallax-background\" data-id=\"4c16b62c\" data-element_type=\"widget\" data-e-type=\"widget\" data-widget_type=\"cassio-widget-parallax-background.default\">\n\t\t\t\t<div class=\"elementor-widget-container\">\n\t\t\t\t\t\n\t\t<div class=\"section section-image section_w-container-left\">\n\t\t\t\t\t\t\t\t\t\t\t\t\t\t\t\t\t\t\t\t\t\t\t\t\t\t<div class=\"section-image__wrapper\" data-art-parallax=background data-art-parallax-factor=0.3>\n\t\t\t\t\t\t\t\t\t\t\t<div class=\"art-parallax__wrapper\">\n\t\t\t\t\t\t\t\t\t\t\t\t\t<img decoding=\"async\" class=\"art-parallax__bg lazy-bg of-cover\" src=\"data:image\/png;base64,iVBORw0KGgoAAAANSUhEUgAAAAEAAAABCAQAAAHCGzyUAAAABGdBTUEAALGPC\/xhBQAAADhlWElmTU0AKgAAAAgAAYdpAAQAAAABAAAAGgAAAAAAAqACAAQAAAABAAAAAaADAAQAAAABAAAAAQAAAADa6r\/EAAAAC0lEQVQI12NolQQAASYAn89qhTcAAAAASUVORK5CYII=\" data-src=\"https:\/\/www.accadueodesign.it\/wp-content\/uploads\/2022\/05\/img-chi-siamo.jpg\" data-srcset=\"https:\/\/www.accadueodesign.it\/wp-content\/uploads\/2022\/05\/img-chi-siamo.jpg 1920w, https:\/\/www.accadueodesign.it\/wp-content\/uploads\/2022\/05\/img-chi-siamo-300x188.jpg 300w, https:\/\/www.accadueodesign.it\/wp-content\/uploads\/2022\/05\/img-chi-siamo-1030x644.jpg 1030w, https:\/\/www.accadueodesign.it\/wp-content\/uploads\/2022\/05\/img-chi-siamo-768x480.jpg 768w, https:\/\/www.accadueodesign.it\/wp-content\/uploads\/2022\/05\/img-chi-siamo-1536x960.jpg 1536w\" data-sizes=\"(max-width: 1920px) 100vw, 1920px\" alt=\"\"  \/>\n\t\t\t\t\t\t\t\t\t\t\t  <\/div>\n\t\t\t\t\t\t\t\t\t\t\t\t\t<\/div>\n\t\t\t\t\t\t\t\t\t\t\t\t\t\t\t\t\t\t\t<\/div>\n\n\t\t\t\t\t\t<\/div>\n\t\t\t\t<\/div>\n\t\t\t\t\t<\/div>\n\t\t<\/div>\n\t\t\t\t\t<\/div>\n\t\t<\/section>\n\t\t\t\t<section class=\"elementor-section elementor-top-section elementor-element elementor-element-1110931 elementor-section-full_width bg-accent-secondary-4 elementor-section-height-default elementor-section-height-default\" data-id=\"1110931\" data-element_type=\"section\" data-e-type=\"section\">\n\t\t\t\t\t\t<div class=\"elementor-container elementor-column-gap-no\">\n\t\t\t\t\t<div class=\"elementor-column elementor-col-100 elementor-top-column elementor-element elementor-element-8dd32f1\" data-id=\"8dd32f1\" data-element_type=\"column\" data-e-type=\"column\">\n\t\t\t<div class=\"elementor-widget-wrap elementor-element-populated\">\n\t\t\t\t\t\t<div class=\"elementor-element elementor-element-485b59a elementor-widget elementor-widget-cassio-widget-call-to-action\" data-id=\"485b59a\" data-element_type=\"widget\" data-e-type=\"widget\" data-widget_type=\"cassio-widget-call-to-action.default\">\n\t\t\t\t<div class=\"elementor-widget-container\">\n\t\t\t\t\t\n\t\t<div class=\"section section-content section-cta section-image section_z-100 section_pt section_pb\" data-os-animation=\"\">\n\t\t\t\t\t\t\t<div class=\"section-cta__line\"><\/div>\n\t\t\t\t\t\t<div class=\"section__content\">\n\t\t\t\t<div class=\"container\">\n\t\t\t\t\t<div class=\"row justify-content-center text-center\">\n\t\t\t\t\t\t<div class=\"col-lg-8\">\n\t\t\t\t\t\t\t<header class=\"section-cta__header\">\n\t\t\t\t\t\t\t\t<div class=\"split-text js-split-text\" data-split-text-type=\"lines\" data-split-text-set=\"lines\"><h2> Souhaitez-vous plus d'informations\u00a0? <\/h2>\n<p>Contactez-nous \u00e0 tout moment, nous serons heureux de vous aider.<\/p>\n<\/div>\n\t\t\t\t\t\t\t<\/header>\n\t\t\t\t\t\t\t\t\t\t\t\t\t\t\t<div class=\"section-cta__wrapper-button section-content__wrapper-button\">\n\t\t\t\t\t\t\t\t\t\t\t\t\t\t\t\t\t\t\t<a class=\"button button_icon bg-accent-primary-2\" href=\"#\" target=\"_blank\" rel=\"nofollow\">\n\t\t\t\t\t\t\t\t\t\t\t<div class=\"button__label\" >\n\t\t\t\t\t\t\t\t\t\t\t\t<span >NOUS CONTACTER<\/span>\n\t\t\t\t\t\t\t\t\t\t\t<\/div>\n\t\t\t\t\t\t\t\t\t\t\t<div class=\"button__icon\"><i class=\"material-icons\">keyboard_arrow_right<\/i><\/div>\n\t\t\t\t\t\t\t\t\t\t<\/a>\n\t\t\t\t\t\t\t\t\t\t\t\t\t\t\t\t\t<\/div>\n\t\t\t\t\t\t\t\t\t\t\t\t\t<\/div>\n\t\t\t\t\t<\/div>\n\t\t\t\t<\/div>\n\t\t\t<\/div>\n\t\t\t\t\t\t\t\t\t\t\t\t\t\t\t\t\t\t\t\t\t<div class=\"section-image__wrapper section-image__wrapper_absolute\" data-art-parallax=background data-art-parallax-factor=0.1>\n\t\t\t\t\t\t\t\t\t\t\t<div class=\"art-parallax__wrapper\">\n\t\t\t\t\t\t\t\t\t\t\t\t\t<img decoding=\"async\" class=\"art-parallax__bg lazy-bg of-cover\" src=\"data:image\/png;base64,iVBORw0KGgoAAAANSUhEUgAAAAEAAAABCAQAAAHCGzyUAAAABGdBTUEAALGPC\/xhBQAAADhlWElmTU0AKgAAAAgAAYdpAAQAAAABAAAAGgAAAAAAAqACAAQAAAABAAAAAaADAAQAAAABAAAAAQAAAADa6r\/EAAAAC0lEQVQI12NolQQAASYAn89qhTcAAAAASUVORK5CYII=\" data-src=\"\" data-srcset=\"\" data-sizes=\"\" alt=\"\"  \/>\n\t\t\t\t\t\t\t\t\t\t\t  <\/div>\n\t\t\t\t\t\t\t\t\t\t\t<div class=\"overlay overlay_dark section-image__overlay\"><\/div>\n\t\t\t\t\t\t\t\t\t\t\t<\/div>\n\t\t\t\t\t\t\t\t\t\t\t\t<\/div>\n\n\t\t\t\t\t\t<\/div>\n\t\t\t\t<\/div>\n\t\t\t\t\t<\/div>\n\t\t<\/div>\n\t\t\t\t\t<\/div>\n\t\t<\/section>\n\t\t\t\t<\/div>\n\t\t","protected":false},"excerpt":{"rendered":"<p>Depuis toujours, nous concevons et fabriquons en Italie avec passion, assurant une valeur ajout\u00e9e en termes de design et de qualit\u00e9, affirmant et pr\u00e9servant la valeur du \u00ab Made in Italy \u00bb dans le monde Apr\u00e8s plus de quarante ans d\u2019activit\u00e9, nous avons encore la m\u00eame passion qui nous permet d&rsquo;offrir \u00e0 nos clients toujours [&hellip;]<\/p>\n","protected":false},"author":2,"featured_media":5225,"parent":0,"menu_order":0,"comment_status":"closed","ping_status":"closed","template":"elementor_header_footer","meta":{"footnotes":""},"class_list":["post-6042","page","type-page","status-publish","has-post-thumbnail","hentry"],"acf":[],"yoast_head":"<!-- This site is optimized with the Yoast SEO plugin v27.2 - https:\/\/yoast.com\/product\/yoast-seo-wordpress\/ -->\n<title>Accadueo Design srl - Produzione mobili in stile moderno e classico<\/title>\n<meta name=\"description\" content=\"Accadueo Design srl, con sede a Montelabbate di Pesaro vanta oltre 30 anni di esperienza nella produzione di mobili per la casa. Vende in tutto il mondo.\" \/>\n<meta name=\"robots\" content=\"index, follow, max-snippet:-1, max-image-preview:large, max-video-preview:-1\" \/>\n<link rel=\"canonical\" href=\"https:\/\/www.accadueodesign.it\/fr\/usine\/\" \/>\n<meta property=\"og:locale\" content=\"fr_FR\" \/>\n<meta property=\"og:type\" content=\"article\" \/>\n<meta property=\"og:title\" content=\"Accadueo Design srl - Produzione mobili in stile moderno e classico\" \/>\n<meta property=\"og:description\" content=\"Accadueo Design srl, con sede a Montelabbate di Pesaro vanta oltre 30 anni di esperienza nella produzione di mobili per la casa. Vende in tutto il mondo.\" \/>\n<meta property=\"og:url\" content=\"https:\/\/www.accadueodesign.it\/fr\/usine\/\" \/>\n<meta property=\"og:site_name\" content=\"AccadueoDesign\" \/>\n<meta property=\"article:modified_time\" content=\"2022-05-18T17:48:48+00:00\" \/>\n<meta property=\"og:image\" content=\"https:\/\/www.accadueodesign.it\/wp-content\/uploads\/2022\/05\/slide-notte-home.jpg\" \/>\n\t<meta property=\"og:image:width\" content=\"1920\" \/>\n\t<meta property=\"og:image:height\" content=\"1200\" \/>\n\t<meta property=\"og:image:type\" content=\"image\/jpeg\" \/>\n<meta name=\"twitter:card\" content=\"summary_large_image\" \/>\n<meta name=\"twitter:title\" content=\"Accadueo Design srl - Produzione mobili in stile moderno e classico\" \/>\n<meta name=\"twitter:description\" content=\"Accadueo Design srl, con sede a Montelabbate di Pesaro vanta oltre 30 anni di esperienza nella produzione di mobili per la casa. Vende in tutto il mondo.\" \/>\n<meta name=\"twitter:label1\" content=\"Dur\u00e9e de lecture estim\u00e9e\" \/>\n\t<meta name=\"twitter:data1\" content=\"2 minutes\" \/>\n<script type=\"application\/ld+json\" class=\"yoast-schema-graph\">{\"@context\":\"https:\/\/schema.org\",\"@graph\":[{\"@type\":\"WebPage\",\"@id\":\"https:\/\/www.accadueodesign.it\/fr\/usine\/\",\"url\":\"https:\/\/www.accadueodesign.it\/fr\/usine\/\",\"name\":\"Accadueo Design srl - Produzione mobili in stile moderno e classico\",\"isPartOf\":{\"@id\":\"https:\/\/www.accadueodesign.it\/fr\/#website\"},\"primaryImageOfPage\":{\"@id\":\"https:\/\/www.accadueodesign.it\/fr\/usine\/#primaryimage\"},\"image\":{\"@id\":\"https:\/\/www.accadueodesign.it\/fr\/usine\/#primaryimage\"},\"thumbnailUrl\":\"https:\/\/www.accadueodesign.it\/wp-content\/uploads\/2022\/05\/slide-notte-home.jpg\",\"datePublished\":\"2022-05-17T10:14:49+00:00\",\"dateModified\":\"2022-05-18T17:48:48+00:00\",\"description\":\"Accadueo Design srl, con sede a Montelabbate di Pesaro vanta oltre 30 anni di esperienza nella produzione di mobili per la casa. Vende in tutto il mondo.\",\"breadcrumb\":{\"@id\":\"https:\/\/www.accadueodesign.it\/fr\/usine\/#breadcrumb\"},\"inLanguage\":\"fr-FR\",\"potentialAction\":[{\"@type\":\"ReadAction\",\"target\":[\"https:\/\/www.accadueodesign.it\/fr\/usine\/\"]}]},{\"@type\":\"ImageObject\",\"inLanguage\":\"fr-FR\",\"@id\":\"https:\/\/www.accadueodesign.it\/fr\/usine\/#primaryimage\",\"url\":\"https:\/\/www.accadueodesign.it\/wp-content\/uploads\/2022\/05\/slide-notte-home.jpg\",\"contentUrl\":\"https:\/\/www.accadueodesign.it\/wp-content\/uploads\/2022\/05\/slide-notte-home.jpg\",\"width\":1920,\"height\":1200},{\"@type\":\"BreadcrumbList\",\"@id\":\"https:\/\/www.accadueodesign.it\/fr\/usine\/#breadcrumb\",\"itemListElement\":[{\"@type\":\"ListItem\",\"position\":1,\"name\":\"Home\",\"item\":\"https:\/\/www.accadueodesign.it\/fr\/\"},{\"@type\":\"ListItem\",\"position\":2,\"name\":\"USICE\"}]},{\"@type\":\"WebSite\",\"@id\":\"https:\/\/www.accadueodesign.it\/fr\/#website\",\"url\":\"https:\/\/www.accadueodesign.it\/fr\/\",\"name\":\"AccadueoDesign\",\"description\":\"Produzione camere, sale e soggiorni\",\"publisher\":{\"@id\":\"https:\/\/www.accadueodesign.it\/fr\/#organization\"},\"potentialAction\":[{\"@type\":\"SearchAction\",\"target\":{\"@type\":\"EntryPoint\",\"urlTemplate\":\"https:\/\/www.accadueodesign.it\/fr\/?s={search_term_string}\"},\"query-input\":{\"@type\":\"PropertyValueSpecification\",\"valueRequired\":true,\"valueName\":\"search_term_string\"}}],\"inLanguage\":\"fr-FR\"},{\"@type\":\"Organization\",\"@id\":\"https:\/\/www.accadueodesign.it\/fr\/#organization\",\"name\":\"Accadueo Design SRL\",\"url\":\"https:\/\/www.accadueodesign.it\/fr\/\",\"logo\":{\"@type\":\"ImageObject\",\"inLanguage\":\"fr-FR\",\"@id\":\"https:\/\/www.accadueodesign.it\/fr\/#\/schema\/logo\/image\/\",\"url\":\"https:\/\/www.accadueodesign.it\/wp-content\/uploads\/2017\/03\/logo-accadueodesign.jpg\",\"contentUrl\":\"https:\/\/www.accadueodesign.it\/wp-content\/uploads\/2017\/03\/logo-accadueodesign.jpg\",\"width\":156,\"height\":156,\"caption\":\"Accadueo Design SRL\"},\"image\":{\"@id\":\"https:\/\/www.accadueodesign.it\/fr\/#\/schema\/logo\/image\/\"}}]}<\/script>\n<!-- \/ Yoast SEO plugin. -->","yoast_head_json":{"title":"Accadueo Design srl - Produzione mobili in stile moderno e classico","description":"Accadueo Design srl, con sede a Montelabbate di Pesaro vanta oltre 30 anni di esperienza nella produzione di mobili per la casa. Vende in tutto il mondo.","robots":{"index":"index","follow":"follow","max-snippet":"max-snippet:-1","max-image-preview":"max-image-preview:large","max-video-preview":"max-video-preview:-1"},"canonical":"https:\/\/www.accadueodesign.it\/fr\/usine\/","og_locale":"fr_FR","og_type":"article","og_title":"Accadueo Design srl - Produzione mobili in stile moderno e classico","og_description":"Accadueo Design srl, con sede a Montelabbate di Pesaro vanta oltre 30 anni di esperienza nella produzione di mobili per la casa. Vende in tutto il mondo.","og_url":"https:\/\/www.accadueodesign.it\/fr\/usine\/","og_site_name":"AccadueoDesign","article_modified_time":"2022-05-18T17:48:48+00:00","og_image":[{"width":1920,"height":1200,"url":"https:\/\/www.accadueodesign.it\/wp-content\/uploads\/2022\/05\/slide-notte-home.jpg","type":"image\/jpeg"}],"twitter_card":"summary_large_image","twitter_title":"Accadueo Design srl - Produzione mobili in stile moderno e classico","twitter_description":"Accadueo Design srl, con sede a Montelabbate di Pesaro vanta oltre 30 anni di esperienza nella produzione di mobili per la casa. Vende in tutto il mondo.","twitter_misc":{"Dur\u00e9e de lecture estim\u00e9e":"2 minutes"},"schema":{"@context":"https:\/\/schema.org","@graph":[{"@type":"WebPage","@id":"https:\/\/www.accadueodesign.it\/fr\/usine\/","url":"https:\/\/www.accadueodesign.it\/fr\/usine\/","name":"Accadueo Design srl - Produzione mobili in stile moderno e classico","isPartOf":{"@id":"https:\/\/www.accadueodesign.it\/fr\/#website"},"primaryImageOfPage":{"@id":"https:\/\/www.accadueodesign.it\/fr\/usine\/#primaryimage"},"image":{"@id":"https:\/\/www.accadueodesign.it\/fr\/usine\/#primaryimage"},"thumbnailUrl":"https:\/\/www.accadueodesign.it\/wp-content\/uploads\/2022\/05\/slide-notte-home.jpg","datePublished":"2022-05-17T10:14:49+00:00","dateModified":"2022-05-18T17:48:48+00:00","description":"Accadueo Design srl, con sede a Montelabbate di Pesaro vanta oltre 30 anni di esperienza nella produzione di mobili per la casa. Vende in tutto il mondo.","breadcrumb":{"@id":"https:\/\/www.accadueodesign.it\/fr\/usine\/#breadcrumb"},"inLanguage":"fr-FR","potentialAction":[{"@type":"ReadAction","target":["https:\/\/www.accadueodesign.it\/fr\/usine\/"]}]},{"@type":"ImageObject","inLanguage":"fr-FR","@id":"https:\/\/www.accadueodesign.it\/fr\/usine\/#primaryimage","url":"https:\/\/www.accadueodesign.it\/wp-content\/uploads\/2022\/05\/slide-notte-home.jpg","contentUrl":"https:\/\/www.accadueodesign.it\/wp-content\/uploads\/2022\/05\/slide-notte-home.jpg","width":1920,"height":1200},{"@type":"BreadcrumbList","@id":"https:\/\/www.accadueodesign.it\/fr\/usine\/#breadcrumb","itemListElement":[{"@type":"ListItem","position":1,"name":"Home","item":"https:\/\/www.accadueodesign.it\/fr\/"},{"@type":"ListItem","position":2,"name":"USICE"}]},{"@type":"WebSite","@id":"https:\/\/www.accadueodesign.it\/fr\/#website","url":"https:\/\/www.accadueodesign.it\/fr\/","name":"AccadueoDesign","description":"Produzione camere, sale e soggiorni","publisher":{"@id":"https:\/\/www.accadueodesign.it\/fr\/#organization"},"potentialAction":[{"@type":"SearchAction","target":{"@type":"EntryPoint","urlTemplate":"https:\/\/www.accadueodesign.it\/fr\/?s={search_term_string}"},"query-input":{"@type":"PropertyValueSpecification","valueRequired":true,"valueName":"search_term_string"}}],"inLanguage":"fr-FR"},{"@type":"Organization","@id":"https:\/\/www.accadueodesign.it\/fr\/#organization","name":"Accadueo Design SRL","url":"https:\/\/www.accadueodesign.it\/fr\/","logo":{"@type":"ImageObject","inLanguage":"fr-FR","@id":"https:\/\/www.accadueodesign.it\/fr\/#\/schema\/logo\/image\/","url":"https:\/\/www.accadueodesign.it\/wp-content\/uploads\/2017\/03\/logo-accadueodesign.jpg","contentUrl":"https:\/\/www.accadueodesign.it\/wp-content\/uploads\/2017\/03\/logo-accadueodesign.jpg","width":156,"height":156,"caption":"Accadueo Design SRL"},"image":{"@id":"https:\/\/www.accadueodesign.it\/fr\/#\/schema\/logo\/image\/"}}]}},"_links":{"self":[{"href":"https:\/\/www.accadueodesign.it\/fr\/wp-json\/wp\/v2\/pages\/6042","targetHints":{"allow":["GET"]}}],"collection":[{"href":"https:\/\/www.accadueodesign.it\/fr\/wp-json\/wp\/v2\/pages"}],"about":[{"href":"https:\/\/www.accadueodesign.it\/fr\/wp-json\/wp\/v2\/types\/page"}],"author":[{"embeddable":true,"href":"https:\/\/www.accadueodesign.it\/fr\/wp-json\/wp\/v2\/users\/2"}],"replies":[{"embeddable":true,"href":"https:\/\/www.accadueodesign.it\/fr\/wp-json\/wp\/v2\/comments?post=6042"}],"version-history":[{"count":9,"href":"https:\/\/www.accadueodesign.it\/fr\/wp-json\/wp\/v2\/pages\/6042\/revisions"}],"predecessor-version":[{"id":7170,"href":"https:\/\/www.accadueodesign.it\/fr\/wp-json\/wp\/v2\/pages\/6042\/revisions\/7170"}],"wp:featuredmedia":[{"embeddable":true,"href":"https:\/\/www.accadueodesign.it\/fr\/wp-json\/wp\/v2\/media\/5225"}],"wp:attachment":[{"href":"https:\/\/www.accadueodesign.it\/fr\/wp-json\/wp\/v2\/media?parent=6042"}],"curies":[{"name":"wp","href":"https:\/\/api.w.org\/{rel}","templated":true}]}}